{"id":8,"date":"2018-11-26T15:32:21","date_gmt":"2018-11-26T15:32:21","guid":{"rendered":"http:\/\/qbcircle.com\/?page_id=8"},"modified":"2023-12-21T17:31:43","modified_gmt":"2023-12-21T14:31:43","slug":"consultancy-technology-finance-and-compliance-consulting","status":"publish","type":"page","link":"https:\/\/consultancyba.com\/tr\/","title":{"rendered":"Consultancy BA"},"content":{"rendered":"<h2 style=\"display: none;\">About Us<\/h2>\n<div id=\"about\" class=\"mfb_gridcontainer mfb_grid2x1 mfb_box\" style=\"padding: 90px 0px;\">\n<div class=\"mfb_box mfb_flex1x2\"><p style=\"font-size:30px; font-weight:700;\">Consultancy BA, sekt\u00f6rdeki 15 y\u0131l\u0131 a\u015fk\u0131n tecr\u00fcbenin dan\u0131\u015fmanl\u0131k \u015firketi haline d\u00f6n\u00fc\u015ft\u00fc\u011f\u00fc bir giri\u015fimdir. \u015eirketin yo\u011funla\u015ft\u0131\u011f\u0131 alan finansal reg\u00fclasyonlar ile bilgi teknolojilerinin y\u00f6netimi ve denetimidir.<\/p><\/div>\n\n<div class=\"mfb_box mfb_flex1x2\"><p style=\"font-size: 17px;\">G\u00fcn\u00fcm\u00fcz\u00fcn dinamik d\u00fcnyas\u0131nda teknolojiyi ve reg\u00fclasyonlar\u0131 takip etmek kolay bir i\u015f de\u011fildir. \u015eirketler  bu de\u011fi\u015fime ayak uydurmaya \u00e7al\u0131\u015f\u0131rken ana faaliyet alanlar\u0131na odaklanamamaktad\u0131r.<\/p>\n<p style=\"font-size: 17px;\">Consultancy BA, sekt\u00f6rdeki farkl\u0131 projeleri deneyimlemi\u015f bir ekibe sahip olman\u0131n sonucu olarak de\u011fi\u015fen teknoloji ve finans trendlerine uygun yeni nesil ve g\u00fcncel \u00e7\u00f6z\u00fcmler \u00fcretmektedir. Finansal reg\u00fclasyonlar ile bilgi teknolojilerinin y\u00f6netimi ve denetimine ilave olarak yeni nesil teknolojiler, stratejik y\u00f6netim gibi alanlarda da lisansl\u0131 \u00fcr\u00fcn sat\u0131\u015f\u0131 ve teknik dan\u0131\u015fmanl\u0131k hizmeti vermektedir.<\/p><\/div>\n<\/div>\n\n<div id=\"services\" class=\"mfb_box mfb_fullwidth\" style=\"padding-bottom: 90px;\">\n<h2 style=\"margin:0;text-align:center;\">Servislerimiz<\/h2>\n<div class=\"mfb_services_container\">\n\n<div class=\"mfb_services_logo_container\"><img decoding=\"async\" src=\"https:\/\/consultancyba.com\/wp-content\/uploads\/ConsultancyBA_logo.png\" alt=\"Consultancy BA TECHNOLOGY FINANCE COMPLIANCE\" class=\"mfb_services_logo\"><\/div>\n\n<div class=\"left-top mfb_services\"><h3><a href=\"https:\/\/consultancyba.com\/tr\/it-governance-risk-management-and-compliance\/\" class=\"title\" title=\"Audit, advisory and training services on IT Governance, Risk Management and Compliance\">BT Y\u00f6neti\u015fim, Risk Y\u00f6netimi ve Uyum<\/a><\/h3>\n<div class=\"mfb_gridcontainer mfb_services_grid2x1\">\n<div class=\"mfb_services_icons\"><img decoding=\"async\" src=\"https:\/\/consultancyba.com\/wp-content\/uploads\/governance.png\" alt=\"IT Governance, Risk Management and Compliancee\"><\/div>\n<div class=\"details\">Bilgi teknolojilerinin y\u00f6netimi, bilgi teknolojileri kaynakl\u0131 risklerin y\u00f6netimi, siber g\u00fcvenlik, mevzuat ve standartlara (COBIT, ISO 27000 ve 22301, PCI DSS \/ Visa PIN Security gibi) uyum alanlar\u0131nda ihtiya\u00e7 duydu\u011funuz denetim, dan\u0131\u015fmanl\u0131k ve e\u011fitim deste\u011fini sunuyoruz.<\/div>\n<\/div><span class=\"arrow\"><\/span><\/div>\n\n<div class=\"left-middle mfb_services\"><h3><a href=\"https:\/\/consultancyba.com\/tr\/cyber-security-resilience\/\" class=\"title\" title=\"Audit, advisory and training services on Cyber Security and Resilience\">Siber G\u00fcvenlik<\/a><\/h3>\n<div class=\"mfb_gridcontainer mfb_services_grid2x1\">\n<div class=\"mfb_services_icons\"><img decoding=\"async\" src=\"https:\/\/consultancyba.com\/wp-content\/uploads\/cyber_security.png\" alt=\"Cyber Security and Resilience Consultancy\"><\/div>\n<div class=\"details\">Bilgi varl\u0131klar\u0131n\u0131za y\u00f6nelik tehditleri \u00f6nleme, tespit etme, kontrol alt\u0131na alma ve sald\u0131r\u0131lara yan\u0131t verme hususlar\u0131nda ne kadar haz\u0131rl\u0131kl\u0131 oldu\u011funuza ili\u015fkin size destek oluyor, bu alanda en uygun yakla\u015f\u0131m\u0131 belirliyoruz.<\/div>\n<\/div><span class=\"arrow\"><\/span><\/div>\n\n<div class=\"left-bottom mfb_services\"><h3><a href=\"https:\/\/consultancyba.com\/tr\/financial-regulations\/\" class=\"title\" title=\"Audit, advisory and training services on Financial Regulations\">Finansal Mevzuat<\/a><\/h3>\n<div class=\"mfb_gridcontainer mfb_services_grid2x1\">\n<div class=\"mfb_services_icons\"><img decoding=\"async\" src=\"https:\/\/consultancyba.com\/wp-content\/uploads\/financial_regulations.png\" alt=\"Financial Regulations Consultancy\"><\/div>\n<div class=\"details\">TCMB-BDDK-SPK-MASAK mevzuatlar\u0131na uyum ve kurulu\u015f ve faaliyet lisanslar\u0131 alanlar\u0131nda, 15+ y\u0131l deneyimli nitelikli kadro ile yan\u0131n\u0131zday\u0131z.<\/div>\n<\/div><span class=\"arrow\"><\/span><\/div>\n\n<div class=\"right-top mfb_services\"><h3><a href=\"https:\/\/consultancyba.com\/tr\/fintech-software-development-expertise\/\" class=\"title\" title=\"FinTech Yaz\u0131l\u0131m Geli\u015ftirme Hizmetleri\">FinTech Yaz\u0131l\u0131m Geli\u015ftirme Hizmetleri<\/a><\/h3>\n<div class=\"mfb_gridcontainer mfb_services_grid2x1\">\n<div class=\"mfb_services_icons\"><img decoding=\"async\" src=\"https:\/\/consultancyba.com\/wp-content\/uploads\/emerging.png\" alt=\"FinTech Software Development Services\"><\/div>\n<div class=\"details\">FinTech yaz\u0131l\u0131m geli\u015ftirme \u015firketimiz, finansal kurulu\u015flara, sigorta sa\u011flay\u0131c\u0131lara ve di\u011fer i\u015fletmelere, i\u015f dayan\u0131kl\u0131l\u0131\u011f\u0131n\u0131 ve b\u00fcy\u00fcmeyi te\u015fvik etmek i\u00e7in keskin teknolojilerin g\u00fcc\u00fcnden yararlanmalar\u0131na yard\u0131mc\u0131 olur.<\/div>\n<\/div><span class=\"arrow\"><\/span><\/div>\n\n<div class=\"right-middle mfb_services\"><h3><a href=\"https:\/\/consultancyba.com\/tr\/cryptocurrency-blockchain\/\" class=\"title\" title=\"Audit, advisory and training services on Cryptocurrency and Blockchain\">Cryptocurrency &amp; Blockchain<\/a><\/h3>\n<div class=\"mfb_gridcontainer mfb_services_grid2x1\">\n<div class=\"mfb_services_icons\"><img decoding=\"async\" src=\"https:\/\/consultancyba.com\/wp-content\/uploads\/crypto.png\" alt=\"Cryptocurrency and Blockchain\"><\/div>\n<div class=\"details\">Mevzuat uyumu ve g\u00fcven tesisi i\u00e7in etkin bir kurumsal y\u00f6netim, i\u00e7 kontrol &amp; risk y\u00f6netimi yap\u0131s\u0131 ve bilgi sistemlerine sahip olmal\u0131s\u0131n\u0131z. Sizlere bu yolculu\u011fun ba\u015f\u0131ndan sonuna kadar destek olabiliriz.<\/div>\n<\/div><span class=\"arrow\"><\/span><\/div>\n\n<div class=\"right-bottom mfb_services\"><h3><a href=\"https:\/\/consultancyba.com\/tr\/data-privacy-gdpr-kvkk\/\" class=\"title\" title=\"Audit, advisory and training services on Data Privacy \u2013 GDPR, KVKK\">Ki\u015fisel Verilerin Mahremiyeti - GDPR, KVKK<\/a><\/h3>\n<div class=\"mfb_gridcontainer mfb_services_grid2x1\">\n<div class=\"mfb_services_icons\"><img decoding=\"async\" src=\"https:\/\/consultancyba.com\/wp-content\/uploads\/privacy.png\" alt=\"Data Privacy\"><\/div>\n<div class=\"details\">Bilgi gizlili\u011fine ili\u015fkin gereken yakla\u015f\u0131mlar, al\u0131nmas\u0131 gereken tedbirler konusunda destek veriyoruz.<\/div>\n<\/div><span class=\"arrow\"><\/span><\/div>\n\n<\/div>\n<\/div>\n\n<h2 style=\"display: none;\">Contact Us<\/h2>\n<div class=\"mfb_bgscroll mfb_box mfb_fullwidth\">\n<div style=\"margin: 12rem auto;\">\n<p class=\"mfb_contact-h\">Size \u00f6zel i\u015f \u00e7\u00f6z\u00fcmlerimiz hakk\u0131nda daha fazla bilgi almak i\u00e7in l\u00fctfen bizimle ileti\u015fime ge\u00e7in<\/p>\n<p class=\"mfb_contact\">\u015eirketiniz veya organizasyonunuza \u00f6zel<\/p>\n<p class=\"mfb_contact\">Amac\u0131m\u0131z, b\u00fcy\u00fcme hedeflerini desteklemek, kurumsal i\u00e7g\u00f6r\u00fcleri art\u0131rmak ve performans\u0131 te\u015fvik etmektir<\/p>\n<\/div>\n<\/div>","protected":false},"excerpt":{"rendered":"<p>About Us Consultancy BA is an initiative where more than 15 years of experience in the sector has turned into a consulting company. The focus of the company is on financial regulations, governance and audit of information technologies. In today&#8217;s &hellip; <a href=\"https:\/\/consultancyba.com\/tr\/\">Devam\u0131<\/a><\/p>","protected":false},"author":2,"featured_media":0,"parent":0,"menu_order":0,"comment_status":"closed","ping_status":"closed","template":"","meta":{"_monsterinsights_skip_tracking":false,"_monsterinsights_sitenote_active":false,"_monsterinsights_sitenote_note":"","_monsterinsights_sitenote_category":0,"footnotes":""},"class_list":["post-8","page","type-page","status-publish","hentry"],"yoast_head":"<!-- This site is optimized with the Yoast SEO plugin v27.4 - https:\/\/yoast.com\/product\/yoast-seo-wordpress\/ -->\n<title>Consultancy BA - Technology, Finance and Compliance Consulting<\/title>\n<meta name=\"description\" content=\"Consultancy BA is a consulting firm born after 15+ years of experience. The focus of the company is financial regulations, governance and audit of IT.\" \/>\n<meta name=\"robots\" content=\"index, follow, max-snippet:-1, max-image-preview:large, max-video-preview:-1\" \/>\n<link rel=\"canonical\" href=\"https:\/\/consultancyba.com\/tr\/\" \/>\n<meta property=\"og:locale\" content=\"tr_TR\" \/>\n<meta property=\"og:type\" content=\"article\" \/>\n<meta property=\"og:title\" content=\"Consultancy BA - Technology, Finance and Compliance Consulting\" \/>\n<meta property=\"og:description\" content=\"Consultancy BA is a consulting firm born after 15+ years of experience. The focus of the company is financial regulations, governance and audit of IT.\" \/>\n<meta property=\"og:url\" content=\"https:\/\/consultancyba.com\/tr\/\" \/>\n<meta property=\"og:site_name\" content=\"Consultancy BA\" \/>\n<meta property=\"article:modified_time\" content=\"2023-12-21T14:31:43+00:00\" \/>\n<meta name=\"twitter:card\" content=\"summary_large_image\" \/>\n<meta name=\"twitter:title\" content=\"Consultancy BA - Technology, Finance and Compliance Consulting\" \/>\n<meta name=\"twitter:description\" content=\"Consultancy BA is a consulting firm born after 15+ years of experience. The focus of the company is financial regulations, governance and audit of IT.\" \/>\n<meta name=\"twitter:site\" content=\"@consult_BA\" \/>\n<meta name=\"twitter:label1\" content=\"Tahmini okuma s\u00fcresi\" \/>\n\t<meta name=\"twitter:data1\" content=\"3 dakika\" \/>\n<script type=\"application\/ld+json\" class=\"yoast-schema-graph\">{\"@context\":\"https:\\\/\\\/schema.org\",\"@graph\":[{\"@type\":\"WebPage\",\"@id\":\"https:\\\/\\\/consultancyba.com\\\/\",\"url\":\"https:\\\/\\\/consultancyba.com\\\/\",\"name\":\"Consultancy BA - Technology, Finance and Compliance Consulting\",\"isPartOf\":{\"@id\":\"https:\\\/\\\/consultancyba.com\\\/#website\"},\"primaryImageOfPage\":{\"@id\":\"https:\\\/\\\/consultancyba.com\\\/#primaryimage\"},\"image\":{\"@id\":\"https:\\\/\\\/consultancyba.com\\\/#primaryimage\"},\"thumbnailUrl\":\"https:\\\/\\\/consultancyba.com\\\/wp-content\\\/uploads\\\/ConsultancyBA_logo.png\",\"datePublished\":\"2018-11-26T15:32:21+00:00\",\"dateModified\":\"2023-12-21T14:31:43+00:00\",\"description\":\"Consultancy BA is a consulting firm born after 15+ years of experience. The focus of the company is financial regulations, governance and audit of IT.\",\"breadcrumb\":{\"@id\":\"https:\\\/\\\/consultancyba.com\\\/#breadcrumb\"},\"inLanguage\":\"tr\",\"potentialAction\":[{\"@type\":\"ReadAction\",\"target\":[\"https:\\\/\\\/consultancyba.com\\\/\"]}]},{\"@type\":\"ImageObject\",\"inLanguage\":\"tr\",\"@id\":\"https:\\\/\\\/consultancyba.com\\\/#primaryimage\",\"url\":\"https:\\\/\\\/consultancyba.com\\\/wp-content\\\/uploads\\\/ConsultancyBA_logo.png\",\"contentUrl\":\"https:\\\/\\\/consultancyba.com\\\/wp-content\\\/uploads\\\/ConsultancyBA_logo.png\"},{\"@type\":\"BreadcrumbList\",\"@id\":\"https:\\\/\\\/consultancyba.com\\\/#breadcrumb\",\"itemListElement\":[{\"@type\":\"ListItem\",\"position\":1,\"name\":\"Home\",\"item\":\"https:\\\/\\\/consultancyba.com\\\/\"},{\"@type\":\"ListItem\",\"position\":2,\"name\":\"Consultancy BA\"}]},{\"@type\":\"WebSite\",\"@id\":\"https:\\\/\\\/consultancyba.com\\\/#website\",\"url\":\"https:\\\/\\\/consultancyba.com\\\/\",\"name\":\"Consultancy BA\",\"description\":\"TECHNOLOGY FINANCE COMPLIANCE\",\"publisher\":{\"@id\":\"https:\\\/\\\/consultancyba.com\\\/#organization\"},\"potentialAction\":[{\"@type\":\"SearchAction\",\"target\":{\"@type\":\"EntryPoint\",\"urlTemplate\":\"https:\\\/\\\/consultancyba.com\\\/?s={search_term_string}\"},\"query-input\":{\"@type\":\"PropertyValueSpecification\",\"valueRequired\":true,\"valueName\":\"search_term_string\"}}],\"inLanguage\":\"tr\"},{\"@type\":\"Organization\",\"@id\":\"https:\\\/\\\/consultancyba.com\\\/#organization\",\"name\":\"Consultancy BA\",\"url\":\"https:\\\/\\\/consultancyba.com\\\/\",\"logo\":{\"@type\":\"ImageObject\",\"inLanguage\":\"tr\",\"@id\":\"https:\\\/\\\/consultancyba.com\\\/#\\\/schema\\\/logo\\\/image\\\/\",\"url\":\"https:\\\/\\\/consultancyba.com\\\/wp-content\\\/uploads\\\/logo.png\",\"contentUrl\":\"https:\\\/\\\/consultancyba.com\\\/wp-content\\\/uploads\\\/logo.png\",\"width\":426,\"height\":426,\"caption\":\"Consultancy BA\"},\"image\":{\"@id\":\"https:\\\/\\\/consultancyba.com\\\/#\\\/schema\\\/logo\\\/image\\\/\"},\"sameAs\":[\"https:\\\/\\\/x.com\\\/consult_BA\"]}]}<\/script>\n<!-- \/ Yoast SEO plugin. -->","yoast_head_json":{"title":"Consultancy BA - Technology, Finance and Compliance Consulting","description":"Consultancy BA is a consulting firm born after 15+ years of experience. The focus of the company is financial regulations, governance and audit of IT.","robots":{"index":"index","follow":"follow","max-snippet":"max-snippet:-1","max-image-preview":"max-image-preview:large","max-video-preview":"max-video-preview:-1"},"canonical":"https:\/\/consultancyba.com\/tr\/","og_locale":"tr_TR","og_type":"article","og_title":"Consultancy BA - Technology, Finance and Compliance Consulting","og_description":"Consultancy BA is a consulting firm born after 15+ years of experience. The focus of the company is financial regulations, governance and audit of IT.","og_url":"https:\/\/consultancyba.com\/tr\/","og_site_name":"Consultancy BA","article_modified_time":"2023-12-21T14:31:43+00:00","twitter_card":"summary_large_image","twitter_title":"Consultancy BA - Technology, Finance and Compliance Consulting","twitter_description":"Consultancy BA is a consulting firm born after 15+ years of experience. The focus of the company is financial regulations, governance and audit of IT.","twitter_site":"@consult_BA","twitter_misc":{"Tahmini okuma s\u00fcresi":"3 dakika"},"schema":{"@context":"https:\/\/schema.org","@graph":[{"@type":"WebPage","@id":"https:\/\/consultancyba.com\/","url":"https:\/\/consultancyba.com\/","name":"Consultancy BA - Technology, Finance and Compliance Consulting","isPartOf":{"@id":"https:\/\/consultancyba.com\/#website"},"primaryImageOfPage":{"@id":"https:\/\/consultancyba.com\/#primaryimage"},"image":{"@id":"https:\/\/consultancyba.com\/#primaryimage"},"thumbnailUrl":"https:\/\/consultancyba.com\/wp-content\/uploads\/ConsultancyBA_logo.png","datePublished":"2018-11-26T15:32:21+00:00","dateModified":"2023-12-21T14:31:43+00:00","description":"Consultancy BA is a consulting firm born after 15+ years of experience. The focus of the company is financial regulations, governance and audit of IT.","breadcrumb":{"@id":"https:\/\/consultancyba.com\/#breadcrumb"},"inLanguage":"tr","potentialAction":[{"@type":"ReadAction","target":["https:\/\/consultancyba.com\/"]}]},{"@type":"ImageObject","inLanguage":"tr","@id":"https:\/\/consultancyba.com\/#primaryimage","url":"https:\/\/consultancyba.com\/wp-content\/uploads\/ConsultancyBA_logo.png","contentUrl":"https:\/\/consultancyba.com\/wp-content\/uploads\/ConsultancyBA_logo.png"},{"@type":"BreadcrumbList","@id":"https:\/\/consultancyba.com\/#breadcrumb","itemListElement":[{"@type":"ListItem","position":1,"name":"Home","item":"https:\/\/consultancyba.com\/"},{"@type":"ListItem","position":2,"name":"Consultancy BA"}]},{"@type":"WebSite","@id":"https:\/\/consultancyba.com\/#website","url":"https:\/\/consultancyba.com\/","name":"Consultancy BA","description":"TECHNOLOGY FINANCE COMPLIANCE","publisher":{"@id":"https:\/\/consultancyba.com\/#organization"},"potentialAction":[{"@type":"SearchAction","target":{"@type":"EntryPoint","urlTemplate":"https:\/\/consultancyba.com\/?s={search_term_string}"},"query-input":{"@type":"PropertyValueSpecification","valueRequired":true,"valueName":"search_term_string"}}],"inLanguage":"tr"},{"@type":"Organization","@id":"https:\/\/consultancyba.com\/#organization","name":"Consultancy BA","url":"https:\/\/consultancyba.com\/","logo":{"@type":"ImageObject","inLanguage":"tr","@id":"https:\/\/consultancyba.com\/#\/schema\/logo\/image\/","url":"https:\/\/consultancyba.com\/wp-content\/uploads\/logo.png","contentUrl":"https:\/\/consultancyba.com\/wp-content\/uploads\/logo.png","width":426,"height":426,"caption":"Consultancy BA"},"image":{"@id":"https:\/\/consultancyba.com\/#\/schema\/logo\/image\/"},"sameAs":["https:\/\/x.com\/consult_BA"]}]}},"_links":{"self":[{"href":"https:\/\/consultancyba.com\/tr\/wp-json\/wp\/v2\/pages\/8","targetHints":{"allow":["GET"]}}],"collection":[{"href":"https:\/\/consultancyba.com\/tr\/wp-json\/wp\/v2\/pages"}],"about":[{"href":"https:\/\/consultancyba.com\/tr\/wp-json\/wp\/v2\/types\/page"}],"author":[{"embeddable":true,"href":"https:\/\/consultancyba.com\/tr\/wp-json\/wp\/v2\/users\/2"}],"replies":[{"embeddable":true,"href":"https:\/\/consultancyba.com\/tr\/wp-json\/wp\/v2\/comments?post=8"}],"version-history":[{"count":268,"href":"https:\/\/consultancyba.com\/tr\/wp-json\/wp\/v2\/pages\/8\/revisions"}],"predecessor-version":[{"id":6106,"href":"https:\/\/consultancyba.com\/tr\/wp-json\/wp\/v2\/pages\/8\/revisions\/6106"}],"wp:attachment":[{"href":"https:\/\/consultancyba.com\/tr\/wp-json\/wp\/v2\/media?parent=8"}],"curies":[{"name":"wp","href":"https:\/\/api.w.org\/{rel}","templated":true}]}}