{"id":6104,"date":"2023-12-21T17:31:10","date_gmt":"2023-12-21T14:31:10","guid":{"rendered":"https:\/\/consultancyba.com\/?page_id=6104"},"modified":"2023-12-21T17:31:10","modified_gmt":"2023-12-21T14:31:10","slug":"fintech-software-development-expertise","status":"publish","type":"page","link":"https:\/\/consultancyba.com\/tr\/fintech-software-development-expertise\/","title":{"rendered":"FinTech Yaz\u0131l\u0131m Geli\u015ftirme Uzmanl\u0131\u011f\u0131"},"content":{"rendered":"<p>Derin end\u00fcstri bilgimiz ve uzmanl\u0131\u011f\u0131m\u0131z\u0131 kullanarak, FinTech sekt\u00f6r\u00fc i\u00e7in kapsaml\u0131 yaz\u0131l\u0131m geli\u015ftirme hizmetleri sunuyoruz. Bu hizmetler, minimum karma\u015f\u0131kl\u0131kla kullan\u0131c\u0131 deneyimlerini devrimle\u015ftirmeyi ama\u00e7lamaktad\u0131r.<\/p>\n\n\n\n<p><strong>\u00d6zel FinTech Uygulama Geli\u015ftirme<\/strong> Finansal teknoloji alan\u0131ndaki benzersiz i\u015f ihtiya\u00e7lar\u0131n\u0131za uygun olarak \u00f6zelle\u015ftirilmi\u015f hizmetler sunuyoruz. Anl\u0131k veri eri\u015fimi sa\u011flayan \u00e7\u00f6z\u00fcmler sunarak, geleneksel modelleri alt \u00fcst ediyor ve m\u00fc\u015fterilerle d\u00f6n\u00fc\u015ft\u00fcr\u00fcc\u00fc etkile\u015fimler kuruyoruz.<\/p>\n\n\n\n<p><strong>FinTech Web Uygulama Geli\u015ftirme<\/strong> FinTech yaz\u0131l\u0131m profesyonellerimiz, g\u00fcvenli, g\u00fcvenilir ve dinamik web \u00e7\u00f6z\u00fcmleri olu\u015fturmakta uzmanla\u015fm\u0131\u015ft\u0131r. Bu \u00e7\u00f6z\u00fcmler, kullan\u0131c\u0131 etkile\u015fimini art\u0131r\u0131r, i\u015f operasyonlar\u0131n\u0131 h\u0131zland\u0131r\u0131r ve hizmetlerinizin eri\u015fimini geni\u015fletir.<\/p>\n\n\n\n<p><strong>Mobil FinTech Uygulamalar\u0131<\/strong> M\u00fc\u015fterilerinize, finanslar\u0131n\u0131 ve i\u00e7g\u00f6r\u00fclerini her an, her yerden y\u00f6netme olana\u011f\u0131 sunan mobil finans uygulamalar\u0131 geli\u015ftiriyoruz. M\u00fc\u015fterilerinizin modern, mobil merkezli ya\u015fam tarzlar\u0131na sorunsuz bir \u015fekilde entegre olan uygulamalar tasarl\u0131yoruz, bu da hem kolayl\u0131k hem de i\u015f hareketlili\u011fini art\u0131r\u0131yor.<\/p>\n\n\n\n<p><strong>Yenilik\u00e7i FinTech \u00d6deme \u00c7\u00f6z\u00fcmleri<\/strong> Dijital i\u015flemlerle, sorunsuz, rahat ve g\u00fcvenli \u00f6deme deneyimleri sunarak \u00e7a\u011fda\u015f t\u00fcketici beklentilerini kar\u015f\u0131l\u0131yoruz. \u00d6deme ve faturalama sistemlerinize ak\u0131ll\u0131 i\u015flevsellik, \u00f6zelle\u015ftirilmi\u015f \u00f6zellikler ve s\u0131k\u0131 g\u00fcvenlik \u00f6nlemleri ekliyoruz.<\/p>\n\n\n\n<p><strong>FinTech i\u00e7in Veri Analiti\u011fi<\/strong> M\u00fc\u015fterilerinizin finansal aktivitelerini ve harcama e\u011filimlerini tek bir kontrol paneli \u00fczerinden kolayca izlemelerini sa\u011flay\u0131n. Veri izlerinizi, daha iyi karar verme ve \u015firket i\u00e7inde i\u015flemleri optimize etme i\u00e7in i\u00e7g\u00f6r\u00fclere d\u00f6n\u00fc\u015ft\u00fcr\u00fcn.<\/p>\n\n\n\n<p><strong>API ve Sistem Entegrasyon Hizmetleri<\/strong> Geli\u015ftirme ekibimiz, kesintisiz m\u00fc\u015fteri deneyimleri ve veri entegrasyonunu sa\u011flamaya odaklanm\u0131\u015ft\u0131r. \u0130\u00e7 sistemlerinizi, operasyonel verimlili\u011fi art\u0131ran, riski azaltan ve b\u00fcy\u00fcme i\u00e7in yeni yollar a\u00e7an uyumlu bir dijital a\u011fa d\u00f6n\u00fc\u015ft\u00fcr\u00fcyoruz.<\/p>\n\n\n\n<p><strong>Geli\u015fmi\u015f Siber G\u00fcvenlik \u00d6nlemleri<\/strong> Yaz\u0131l\u0131m m\u00fchendislerimiz, uygulamalar\u0131n\u0131z\u0131n g\u00fcvenli\u011fini g\u00fc\u00e7lendirme ve finansal verileri kapsaml\u0131 \u015fifreleme, kat\u0131 eri\u015fim kontrolleri ve veri g\u00fcvenli\u011finde en iyi end\u00fcstri uygulamalar\u0131na uyarak koruma konusunda kararl\u0131d\u0131r.<\/p>\n\n\n\n<p><strong>Hukuki ve D\u00fczenleyici Uyumluluk<\/strong> S\u00fcrekli de\u011fi\u015fen d\u00fczenleyici taleplere uyumlu, yenilik\u00e7i FinTech \u00e7\u00f6z\u00fcmleri sunuyoruz. \u015eeffaf veri yap\u0131lar\u0131, ger\u00e7ek zamanl\u0131 i\u015flem izleme ve ek i\u015flevselliklerle dinamik d\u00fczenleyici ortama uyum sa\u011flay\u0131n.<\/p>\n\n\n\n<p><strong>Kalite G\u00fcvencesi ve Yaz\u0131l\u0131m Testi<\/strong> Kalite g\u00fcvencesi uzmanlar\u0131m\u0131z, FinTech \u00e7\u00f6z\u00fcmlerinizin her y\u00f6n\u00fcn\u00fc titizlikle inceleyerek hem beklentilerinize hem de kullan\u0131c\u0131 ihtiya\u00e7lar\u0131n\u0131za uyum sa\u011flar. Uygulamalar\u0131n\u0131z\u0131n optimal performans\u0131n\u0131 sa\u011flamak i\u00e7in kapsaml\u0131 testler yapar\u0131z.<\/p>\n\n\n\n<p><strong>DevOps ve S\u00fcrekli Destek<\/strong> DevOps ekiplerimiz, otomatikle\u015ftirilmi\u015f geli\u015ftirme s\u00fcre\u00e7leri, s\u00fcrekli teslimat, s\u0131k\u0131 testler ve tutarl\u0131 izleme ile finansal yaz\u0131l\u0131m\u0131n\u0131z\u0131n da\u011f\u0131t\u0131m\u0131n\u0131 h\u0131zland\u0131r\u0131r. Bu yakla\u015f\u0131m, \u00fcr\u00fcn kalitesinden \u00f6d\u00fcn vermeden h\u0131zl\u0131 bir piyasa giri\u015fini garanti eder.<\/p>","protected":false},"excerpt":{"rendered":"<p>Leveraging our profound industry insights and expertise, we provide comprehensive software development services for the FinTech sector, aimed at revolutionizing user experiences with minimal complexity. Tailored FinTech Application Development Our services are customized to meet the unique needs of your &hellip; <a href=\"https:\/\/consultancyba.com\/tr\/fintech-software-development-expertise\/\">Devam\u0131<\/a><\/p>","protected":false},"author":2,"featured_media":0,"parent":0,"menu_order":0,"comment_status":"closed","ping_status":"closed","template":"","meta":{"_monsterinsights_skip_tracking":false,"_monsterinsights_sitenote_active":false,"_monsterinsights_sitenote_note":"","_monsterinsights_sitenote_category":0,"footnotes":""},"class_list":["post-6104","page","type-page","status-publish","hentry"],"yoast_head":"<!-- This site is optimized with the Yoast SEO plugin v27.4 - https:\/\/yoast.com\/product\/yoast-seo-wordpress\/ -->\n<title>FinTech Software Development Expertise - Consultancy BA<\/title>\n<meta name=\"description\" content=\"FinTech Software Development Expertise\" \/>\n<meta name=\"robots\" content=\"index, follow, max-snippet:-1, max-image-preview:large, max-video-preview:-1\" \/>\n<link rel=\"canonical\" href=\"https:\/\/consultancyba.com\/tr\/fintech-software-development-expertise\/\" \/>\n<meta property=\"og:locale\" content=\"tr_TR\" \/>\n<meta property=\"og:type\" content=\"article\" \/>\n<meta property=\"og:title\" content=\"FinTech Software Development Expertise - Consultancy BA\" \/>\n<meta property=\"og:description\" content=\"FinTech Software Development Expertise\" \/>\n<meta property=\"og:url\" content=\"https:\/\/consultancyba.com\/tr\/fintech-software-development-expertise\/\" \/>\n<meta property=\"og:site_name\" content=\"Consultancy BA\" \/>\n<meta name=\"twitter:card\" content=\"summary_large_image\" \/>\n<meta name=\"twitter:site\" content=\"@consult_BA\" \/>\n<meta name=\"twitter:label1\" content=\"Tahmini okuma s\u00fcresi\" \/>\n\t<meta name=\"twitter:data1\" content=\"2 dakika\" \/>\n<script type=\"application\/ld+json\" class=\"yoast-schema-graph\">{\"@context\":\"https:\\\/\\\/schema.org\",\"@graph\":[{\"@type\":\"WebPage\",\"@id\":\"https:\\\/\\\/consultancyba.com\\\/fintech-software-development-expertise\\\/\",\"url\":\"https:\\\/\\\/consultancyba.com\\\/fintech-software-development-expertise\\\/\",\"name\":\"FinTech Software Development Expertise - Consultancy BA\",\"isPartOf\":{\"@id\":\"https:\\\/\\\/consultancyba.com\\\/#website\"},\"datePublished\":\"2023-12-21T14:31:10+00:00\",\"description\":\"FinTech Software Development Expertise\",\"breadcrumb\":{\"@id\":\"https:\\\/\\\/consultancyba.com\\\/fintech-software-development-expertise\\\/#breadcrumb\"},\"inLanguage\":\"tr\",\"potentialAction\":[{\"@type\":\"ReadAction\",\"target\":[\"https:\\\/\\\/consultancyba.com\\\/fintech-software-development-expertise\\\/\"]}]},{\"@type\":\"BreadcrumbList\",\"@id\":\"https:\\\/\\\/consultancyba.com\\\/fintech-software-development-expertise\\\/#breadcrumb\",\"itemListElement\":[{\"@type\":\"ListItem\",\"position\":1,\"name\":\"Home\",\"item\":\"https:\\\/\\\/consultancyba.com\\\/\"},{\"@type\":\"ListItem\",\"position\":2,\"name\":\"FinTech Software Development Expertise\"}]},{\"@type\":\"WebSite\",\"@id\":\"https:\\\/\\\/consultancyba.com\\\/#website\",\"url\":\"https:\\\/\\\/consultancyba.com\\\/\",\"name\":\"Consultancy BA\",\"description\":\"TECHNOLOGY FINANCE COMPLIANCE\",\"publisher\":{\"@id\":\"https:\\\/\\\/consultancyba.com\\\/#organization\"},\"potentialAction\":[{\"@type\":\"SearchAction\",\"target\":{\"@type\":\"EntryPoint\",\"urlTemplate\":\"https:\\\/\\\/consultancyba.com\\\/?s={search_term_string}\"},\"query-input\":{\"@type\":\"PropertyValueSpecification\",\"valueRequired\":true,\"valueName\":\"search_term_string\"}}],\"inLanguage\":\"tr\"},{\"@type\":\"Organization\",\"@id\":\"https:\\\/\\\/consultancyba.com\\\/#organization\",\"name\":\"Consultancy BA\",\"url\":\"https:\\\/\\\/consultancyba.com\\\/\",\"logo\":{\"@type\":\"ImageObject\",\"inLanguage\":\"tr\",\"@id\":\"https:\\\/\\\/consultancyba.com\\\/#\\\/schema\\\/logo\\\/image\\\/\",\"url\":\"https:\\\/\\\/consultancyba.com\\\/wp-content\\\/uploads\\\/logo.png\",\"contentUrl\":\"https:\\\/\\\/consultancyba.com\\\/wp-content\\\/uploads\\\/logo.png\",\"width\":426,\"height\":426,\"caption\":\"Consultancy BA\"},\"image\":{\"@id\":\"https:\\\/\\\/consultancyba.com\\\/#\\\/schema\\\/logo\\\/image\\\/\"},\"sameAs\":[\"https:\\\/\\\/x.com\\\/consult_BA\"]}]}<\/script>\n<!-- \/ Yoast SEO plugin. -->","yoast_head_json":{"title":"FinTech Software Development Expertise - Consultancy BA","description":"FinTech Yaz\u0131l\u0131m Geli\u015ftirme Uzmanl\u0131\u011f\u0131","robots":{"index":"index","follow":"follow","max-snippet":"max-snippet:-1","max-image-preview":"max-image-preview:large","max-video-preview":"max-video-preview:-1"},"canonical":"https:\/\/consultancyba.com\/tr\/fintech-software-development-expertise\/","og_locale":"tr_TR","og_type":"article","og_title":"FinTech Software Development Expertise - Consultancy BA","og_description":"FinTech Software Development Expertise","og_url":"https:\/\/consultancyba.com\/tr\/fintech-software-development-expertise\/","og_site_name":"Consultancy BA","twitter_card":"summary_large_image","twitter_site":"@consult_BA","twitter_misc":{"Tahmini okuma s\u00fcresi":"2 dakika"},"schema":{"@context":"https:\/\/schema.org","@graph":[{"@type":"WebPage","@id":"https:\/\/consultancyba.com\/fintech-software-development-expertise\/","url":"https:\/\/consultancyba.com\/fintech-software-development-expertise\/","name":"FinTech Software Development Expertise - Consultancy BA","isPartOf":{"@id":"https:\/\/consultancyba.com\/#website"},"datePublished":"2023-12-21T14:31:10+00:00","description":"FinTech Yaz\u0131l\u0131m Geli\u015ftirme Uzmanl\u0131\u011f\u0131","breadcrumb":{"@id":"https:\/\/consultancyba.com\/fintech-software-development-expertise\/#breadcrumb"},"inLanguage":"tr","potentialAction":[{"@type":"ReadAction","target":["https:\/\/consultancyba.com\/fintech-software-development-expertise\/"]}]},{"@type":"BreadcrumbList","@id":"https:\/\/consultancyba.com\/fintech-software-development-expertise\/#breadcrumb","itemListElement":[{"@type":"ListItem","position":1,"name":"Home","item":"https:\/\/consultancyba.com\/"},{"@type":"ListItem","position":2,"name":"FinTech Software Development Expertise"}]},{"@type":"WebSite","@id":"https:\/\/consultancyba.com\/#website","url":"https:\/\/consultancyba.com\/","name":"Consultancy BA","description":"TECHNOLOGY FINANCE COMPLIANCE","publisher":{"@id":"https:\/\/consultancyba.com\/#organization"},"potentialAction":[{"@type":"SearchAction","target":{"@type":"EntryPoint","urlTemplate":"https:\/\/consultancyba.com\/?s={search_term_string}"},"query-input":{"@type":"PropertyValueSpecification","valueRequired":true,"valueName":"search_term_string"}}],"inLanguage":"tr"},{"@type":"Organization","@id":"https:\/\/consultancyba.com\/#organization","name":"Consultancy BA","url":"https:\/\/consultancyba.com\/","logo":{"@type":"ImageObject","inLanguage":"tr","@id":"https:\/\/consultancyba.com\/#\/schema\/logo\/image\/","url":"https:\/\/consultancyba.com\/wp-content\/uploads\/logo.png","contentUrl":"https:\/\/consultancyba.com\/wp-content\/uploads\/logo.png","width":426,"height":426,"caption":"Consultancy BA"},"image":{"@id":"https:\/\/consultancyba.com\/#\/schema\/logo\/image\/"},"sameAs":["https:\/\/x.com\/consult_BA"]}]}},"_links":{"self":[{"href":"https:\/\/consultancyba.com\/tr\/wp-json\/wp\/v2\/pages\/6104","targetHints":{"allow":["GET"]}}],"collection":[{"href":"https:\/\/consultancyba.com\/tr\/wp-json\/wp\/v2\/pages"}],"about":[{"href":"https:\/\/consultancyba.com\/tr\/wp-json\/wp\/v2\/types\/page"}],"author":[{"embeddable":true,"href":"https:\/\/consultancyba.com\/tr\/wp-json\/wp\/v2\/users\/2"}],"replies":[{"embeddable":true,"href":"https:\/\/consultancyba.com\/tr\/wp-json\/wp\/v2\/comments?post=6104"}],"version-history":[{"count":1,"href":"https:\/\/consultancyba.com\/tr\/wp-json\/wp\/v2\/pages\/6104\/revisions"}],"predecessor-version":[{"id":6105,"href":"https:\/\/consultancyba.com\/tr\/wp-json\/wp\/v2\/pages\/6104\/revisions\/6105"}],"wp:attachment":[{"href":"https:\/\/consultancyba.com\/tr\/wp-json\/wp\/v2\/media?parent=6104"}],"curies":[{"name":"wp","href":"https:\/\/api.w.org\/{rel}","templated":true}]}}