{"id":4763,"date":"2021-07-28T19:34:15","date_gmt":"2021-07-28T16:34:15","guid":{"rendered":"https:\/\/consultancyba.com\/?page_id=4763"},"modified":"2023-01-13T09:06:08","modified_gmt":"2023-01-13T06:06:08","slug":"cryptocurrency-blockchain","status":"publish","type":"page","link":"https:\/\/consultancyba.com\/tr\/cryptocurrency-blockchain\/","title":{"rendered":"Cryptocurrency &#038; Blockchain"},"content":{"rendered":"<div class=\"mfb_main\">\n<p>Kriptopara platformlar\u0131 i\u00e7in \u00fclkemizde yak\u0131n zamanda mevzuat \u00e7\u0131kmas\u0131 beklenmektedir. Do\u011fas\u0131 gere\u011fi uluslararas\u0131 piyasalara yak\u0131n oldu\u011fu i\u00e7in, kriptopara platformlar\u0131n\u0131n yerel mevzuat\u0131n yan\u0131 s\u0131ra genel kabul g\u00f6rm\u00fc\u015f \u00e7er\u00e7eve ve standartlara uyumu bir zorunluluktur.<\/p>\n<p>Mevzuat \u00e7\u0131karm\u0131\u015f t\u00fcm \u00fclke otoriteleri, kriptopara platformlar\u0131n\u0131n asgari kurumsal standartlara ve bilgi teknolojileri y\u00f6neti\u015fim ve g\u00fcvenlik \u00f6l\u00e7\u00fctlerine sahip olmas\u0131n\u0131 istemektedir. G\u00fcven tesisi ve \u00e7\u0131kacak mevzuata haz\u0131rl\u0131k amac\u0131n\u0131 ta\u015f\u0131yan bu yolculu\u011fun ba\u015f\u0131ndan sonuna kadar sizlere destek olabiliriz:<\/p>\n<ul>\n<li>Bilgi teknolojileri denetimi<\/li>\n<li>Organizasyon \u015femas\u0131n\u0131n olu\u015fturulmas\u0131, birimlerin, komitelerin, g\u00f6rev tan\u0131mlar\u0131n\u0131n belirlenmesi, temel ak\u0131\u015flar\u0131n ve kontrol noktalar\u0131n\u0131n tasarlanmas\u0131<\/li>\n<li>\u0130\u00e7 kontrol ve operasyonel risk y\u00f6netimi s\u00fcre\u00e7lerinin olu\u015fturulmas\u0131, i\u00e7 kontrol organizasyonu ve fonksiyonlar\u0131n kurulumu<\/li>\n<li>Kurumsal y\u00f6netim politikas\u0131 ve s\u00fcre\u00e7lerin olu\u015fturulmas\u0131<\/li>\n<li>Kripto Paralar\u0131n ve Fonlar\u0131n Korunmas\u0131 politikas\u0131n\u0131n ve So\u011fuk C\u00fczdan \u0130\u015fletim S\u00fcrecinin olu\u015fturulmas\u0131<\/li>\n<li>Su\u00e7 gelirlerinin aklanmas\u0131n\u0131n \u00f6nlenmesi (AML\/CFT) ve m\u00fc\u015fterini tan\u0131 (KYC) ilkeleri kapsam\u0131nda ulusal ve uluslararas\u0131 mevzuatlar ile uyumlu olacak \u015fekilde i\u00e7 kontrol mekanizmas\u0131n\u0131n, uyum program\u0131n\u0131n, risk y\u00f6netim sisteminin olu\u015fturulmas\u0131, organizasyon ve fonksiyonlar\u0131n kurulumu<\/li>\n<li>Suistimal ve doland\u0131r\u0131c\u0131l\u0131k (fraud) \u00f6nleme s\u00fcrecinin olu\u015fturulmas\u0131<\/li>\n<li>KVKK politika-prosed\u00fcrlerinin olu\u015fturulmas\u0131<\/li>\n<li>D\u0131\u015f hizmet al\u0131m prosed\u00fcr\u00fc olu\u015fturulmas\u0131<\/li>\n<li>\u015eikayet y\u00f6netimi ve m\u00fc\u015fteri ili\u015fkileri y\u00f6netimi s\u00fcrecinin olu\u015fturulmas\u0131<\/li>\n<li>\u0130\u015f s\u00fcreklili\u011fi plan ve prosed\u00fcrlerin olu\u015fturulmas\u0131<\/li>\n<li>Detayl\u0131 bilgi sistem y\u00f6netim politika-prosed\u00fcrlerinin olu\u015fturulmas\u0131 (20\u2019den fazla politika ve prosed\u00fcr haz\u0131rlanmas\u0131)<\/li>\n<li>Raporlama ihtiya\u00e7lar\u0131n\u0131n belirlenmesi ve performans takibi<\/li>\n<\/ul>\n<\/div>","protected":false},"excerpt":{"rendered":"<p>It is expected that the legislation on cryptocurrency platforms will be issued in Turkey in the near future. Due to being a global concept, compliance of cryptocurrency platforms with the generally accepted frameworks and standards as well as local legislations &hellip; <a href=\"https:\/\/consultancyba.com\/tr\/cryptocurrency-blockchain\/\">Devam\u0131<\/a><\/p>","protected":false},"author":2,"featured_media":0,"parent":0,"menu_order":0,"comment_status":"closed","ping_status":"closed","template":"","meta":{"_monsterinsights_skip_tracking":false,"_monsterinsights_sitenote_active":false,"_monsterinsights_sitenote_note":"","_monsterinsights_sitenote_category":0,"footnotes":""},"class_list":["post-4763","page","type-page","status-publish","hentry"],"yoast_head":"<!-- This site is optimized with the Yoast SEO plugin v27.4 - https:\/\/yoast.com\/product\/yoast-seo-wordpress\/ -->\n<title>Cryptocurrency &amp; Blockchain - Consultancy BA<\/title>\n<meta name=\"description\" content=\"Cryptocurrency platforms must have an effective corporate governance, internal control, risk management and IT systems for compliance and trust building.\" \/>\n<meta name=\"robots\" content=\"index, follow, max-snippet:-1, max-image-preview:large, max-video-preview:-1\" \/>\n<link rel=\"canonical\" href=\"https:\/\/consultancyba.com\/tr\/cryptocurrency-blockchain\/\" \/>\n<meta property=\"og:locale\" content=\"tr_TR\" \/>\n<meta property=\"og:type\" content=\"article\" \/>\n<meta property=\"og:title\" content=\"Cryptocurrency &amp; Blockchain - Consultancy BA\" \/>\n<meta property=\"og:description\" content=\"Cryptocurrency platforms must have an effective corporate governance, internal control, risk management and IT systems for compliance and trust building.\" \/>\n<meta property=\"og:url\" content=\"https:\/\/consultancyba.com\/tr\/cryptocurrency-blockchain\/\" \/>\n<meta property=\"og:site_name\" content=\"Consultancy BA\" \/>\n<meta property=\"article:modified_time\" content=\"2023-01-13T06:06:08+00:00\" \/>\n<meta name=\"twitter:card\" content=\"summary_large_image\" \/>\n<meta name=\"twitter:site\" content=\"@consult_BA\" \/>\n<meta name=\"twitter:label1\" content=\"Tahmini okuma s\u00fcresi\" \/>\n\t<meta name=\"twitter:data1\" content=\"2 dakika\" \/>\n<script type=\"application\/ld+json\" class=\"yoast-schema-graph\">{\"@context\":\"https:\\\/\\\/schema.org\",\"@graph\":[{\"@type\":\"WebPage\",\"@id\":\"https:\\\/\\\/consultancyba.com\\\/cryptocurrency-blockchain\\\/\",\"url\":\"https:\\\/\\\/consultancyba.com\\\/cryptocurrency-blockchain\\\/\",\"name\":\"Cryptocurrency & Blockchain - Consultancy BA\",\"isPartOf\":{\"@id\":\"https:\\\/\\\/consultancyba.com\\\/#website\"},\"datePublished\":\"2021-07-28T16:34:15+00:00\",\"dateModified\":\"2023-01-13T06:06:08+00:00\",\"description\":\"Cryptocurrency platforms must have an effective corporate governance, internal control, risk management and IT systems for compliance and trust building.\",\"breadcrumb\":{\"@id\":\"https:\\\/\\\/consultancyba.com\\\/cryptocurrency-blockchain\\\/#breadcrumb\"},\"inLanguage\":\"tr\",\"potentialAction\":[{\"@type\":\"ReadAction\",\"target\":[\"https:\\\/\\\/consultancyba.com\\\/cryptocurrency-blockchain\\\/\"]}]},{\"@type\":\"BreadcrumbList\",\"@id\":\"https:\\\/\\\/consultancyba.com\\\/cryptocurrency-blockchain\\\/#breadcrumb\",\"itemListElement\":[{\"@type\":\"ListItem\",\"position\":1,\"name\":\"Home\",\"item\":\"https:\\\/\\\/consultancyba.com\\\/\"},{\"@type\":\"ListItem\",\"position\":2,\"name\":\"Cryptocurrency &#038; Blockchain\"}]},{\"@type\":\"WebSite\",\"@id\":\"https:\\\/\\\/consultancyba.com\\\/#website\",\"url\":\"https:\\\/\\\/consultancyba.com\\\/\",\"name\":\"Consultancy BA\",\"description\":\"TECHNOLOGY FINANCE COMPLIANCE\",\"publisher\":{\"@id\":\"https:\\\/\\\/consultancyba.com\\\/#organization\"},\"potentialAction\":[{\"@type\":\"SearchAction\",\"target\":{\"@type\":\"EntryPoint\",\"urlTemplate\":\"https:\\\/\\\/consultancyba.com\\\/?s={search_term_string}\"},\"query-input\":{\"@type\":\"PropertyValueSpecification\",\"valueRequired\":true,\"valueName\":\"search_term_string\"}}],\"inLanguage\":\"tr\"},{\"@type\":\"Organization\",\"@id\":\"https:\\\/\\\/consultancyba.com\\\/#organization\",\"name\":\"Consultancy BA\",\"url\":\"https:\\\/\\\/consultancyba.com\\\/\",\"logo\":{\"@type\":\"ImageObject\",\"inLanguage\":\"tr\",\"@id\":\"https:\\\/\\\/consultancyba.com\\\/#\\\/schema\\\/logo\\\/image\\\/\",\"url\":\"https:\\\/\\\/consultancyba.com\\\/wp-content\\\/uploads\\\/logo.png\",\"contentUrl\":\"https:\\\/\\\/consultancyba.com\\\/wp-content\\\/uploads\\\/logo.png\",\"width\":426,\"height\":426,\"caption\":\"Consultancy BA\"},\"image\":{\"@id\":\"https:\\\/\\\/consultancyba.com\\\/#\\\/schema\\\/logo\\\/image\\\/\"},\"sameAs\":[\"https:\\\/\\\/x.com\\\/consult_BA\"]}]}<\/script>\n<!-- \/ Yoast SEO plugin. -->","yoast_head_json":{"title":"Cryptocurrency & Blockchain - Consultancy BA","description":"Cryptocurrency platforms must have an effective corporate governance, internal control, risk management and IT systems for compliance and trust building.","robots":{"index":"index","follow":"follow","max-snippet":"max-snippet:-1","max-image-preview":"max-image-preview:large","max-video-preview":"max-video-preview:-1"},"canonical":"https:\/\/consultancyba.com\/tr\/cryptocurrency-blockchain\/","og_locale":"tr_TR","og_type":"article","og_title":"Cryptocurrency & Blockchain - Consultancy BA","og_description":"Cryptocurrency platforms must have an effective corporate governance, internal control, risk management and IT systems for compliance and trust building.","og_url":"https:\/\/consultancyba.com\/tr\/cryptocurrency-blockchain\/","og_site_name":"Consultancy BA","article_modified_time":"2023-01-13T06:06:08+00:00","twitter_card":"summary_large_image","twitter_site":"@consult_BA","twitter_misc":{"Tahmini okuma s\u00fcresi":"2 dakika"},"schema":{"@context":"https:\/\/schema.org","@graph":[{"@type":"WebPage","@id":"https:\/\/consultancyba.com\/cryptocurrency-blockchain\/","url":"https:\/\/consultancyba.com\/cryptocurrency-blockchain\/","name":"Cryptocurrency & Blockchain - Consultancy BA","isPartOf":{"@id":"https:\/\/consultancyba.com\/#website"},"datePublished":"2021-07-28T16:34:15+00:00","dateModified":"2023-01-13T06:06:08+00:00","description":"Cryptocurrency platforms must have an effective corporate governance, internal control, risk management and IT systems for compliance and trust building.","breadcrumb":{"@id":"https:\/\/consultancyba.com\/cryptocurrency-blockchain\/#breadcrumb"},"inLanguage":"tr","potentialAction":[{"@type":"ReadAction","target":["https:\/\/consultancyba.com\/cryptocurrency-blockchain\/"]}]},{"@type":"BreadcrumbList","@id":"https:\/\/consultancyba.com\/cryptocurrency-blockchain\/#breadcrumb","itemListElement":[{"@type":"ListItem","position":1,"name":"Home","item":"https:\/\/consultancyba.com\/"},{"@type":"ListItem","position":2,"name":"Cryptocurrency &#038; Blockchain"}]},{"@type":"WebSite","@id":"https:\/\/consultancyba.com\/#website","url":"https:\/\/consultancyba.com\/","name":"Consultancy BA","description":"TECHNOLOGY FINANCE COMPLIANCE","publisher":{"@id":"https:\/\/consultancyba.com\/#organization"},"potentialAction":[{"@type":"SearchAction","target":{"@type":"EntryPoint","urlTemplate":"https:\/\/consultancyba.com\/?s={search_term_string}"},"query-input":{"@type":"PropertyValueSpecification","valueRequired":true,"valueName":"search_term_string"}}],"inLanguage":"tr"},{"@type":"Organization","@id":"https:\/\/consultancyba.com\/#organization","name":"Consultancy BA","url":"https:\/\/consultancyba.com\/","logo":{"@type":"ImageObject","inLanguage":"tr","@id":"https:\/\/consultancyba.com\/#\/schema\/logo\/image\/","url":"https:\/\/consultancyba.com\/wp-content\/uploads\/logo.png","contentUrl":"https:\/\/consultancyba.com\/wp-content\/uploads\/logo.png","width":426,"height":426,"caption":"Consultancy BA"},"image":{"@id":"https:\/\/consultancyba.com\/#\/schema\/logo\/image\/"},"sameAs":["https:\/\/x.com\/consult_BA"]}]}},"_links":{"self":[{"href":"https:\/\/consultancyba.com\/tr\/wp-json\/wp\/v2\/pages\/4763","targetHints":{"allow":["GET"]}}],"collection":[{"href":"https:\/\/consultancyba.com\/tr\/wp-json\/wp\/v2\/pages"}],"about":[{"href":"https:\/\/consultancyba.com\/tr\/wp-json\/wp\/v2\/types\/page"}],"author":[{"embeddable":true,"href":"https:\/\/consultancyba.com\/tr\/wp-json\/wp\/v2\/users\/2"}],"replies":[{"embeddable":true,"href":"https:\/\/consultancyba.com\/tr\/wp-json\/wp\/v2\/comments?post=4763"}],"version-history":[{"count":19,"href":"https:\/\/consultancyba.com\/tr\/wp-json\/wp\/v2\/pages\/4763\/revisions"}],"predecessor-version":[{"id":6067,"href":"https:\/\/consultancyba.com\/tr\/wp-json\/wp\/v2\/pages\/4763\/revisions\/6067"}],"wp:attachment":[{"href":"https:\/\/consultancyba.com\/tr\/wp-json\/wp\/v2\/media?parent=4763"}],"curies":[{"name":"wp","href":"https:\/\/api.w.org\/{rel}","templated":true}]}}