{"id":4755,"date":"2021-07-28T17:54:34","date_gmt":"2021-07-28T14:54:34","guid":{"rendered":"https:\/\/consultancyba.com\/?page_id=4755"},"modified":"2023-01-13T09:13:13","modified_gmt":"2023-01-13T06:13:13","slug":"data-privacy-gdpr-kvkk","status":"publish","type":"page","link":"https:\/\/consultancyba.com\/tr\/data-privacy-gdpr-kvkk\/","title":{"rendered":"Ki\u015fisel Verilerin Mahremiyeti - GDPR, KVKK"},"content":{"rendered":"<div class=\"mfb_main\">\n<p>\u00dclkemizde KVKK (6698 say\u0131l\u0131 Ki\u015fisel Verilerin Korunmas\u0131 Kanunu), Avrupa Birli\u011finde ise GDPR ki\u015fisel verilerin elde edilmesi, kaydedilmesi, depolanmas\u0131, muhafaza edilmesi, de\u011fi\u015ftirilmesi, yeniden d\u00fczenlenmesi, a\u00e7\u0131klanmas\u0131, aktar\u0131lmas\u0131, devral\u0131nmas\u0131, elde edilebilir h\u00e2le getirilmesi, s\u0131n\u0131fland\u0131r\u0131lmas\u0131 ya da kullan\u0131lmas\u0131n\u0131n engellenmesi faaliyetleri i\u00e7in \u00f6nemli y\u00fck\u00fcml\u00fcl\u00fckler getirmektedir. Ayk\u0131r\u0131l\u0131k hallerinde 2.000.000\u20ba kadar para cezas\u0131 ve 3 y\u0131la kadar hapis cezas\u0131 \u00f6ng\u00f6r\u00fclmektedir. Bu \u00e7er\u00e7evede sundu\u011fumuz hizmetler:<\/p>\n<ul>\n<li>Risk de\u011ferlendirmesi ve ki\u015fisel verinin kapsam\u0131n\u0131n belirlenmesi<\/li>\n<li>Veri ak\u0131\u015flar\u0131n\u0131n tespiti, veri envanterinin haz\u0131rlanmas\u0131, sorumluluklar\u0131n tan\u0131mlanmas\u0131<\/li>\n<li>Veri koruma s\u00fcre\u00e7leri ile ilgili gerekli t\u00fcm tedbirlerin al\u0131nmas\u0131 ve u\u00e7tan uca veri g\u00fcvenli\u011fi alt yap\u0131s\u0131n\u0131n olu\u015fturulmas\u0131<\/li>\n<li>Veri sorumlusunun (DPO - Veri Koruma G\u00f6revlisi) belirlenmesi ve Veri Sorumlular\u0131 Siciline kay\u0131t<\/li>\n<li>Ki\u015fisel verilerin g\u00fcvenli korunmas\u0131 \u015fartlar\u0131n\u0131n yerine getirip getirilmedi\u011finin de\u011ferlendirilmesi<\/li>\n<li>Kurulmas\u0131 gereken \u015fikayet-talep cevap mekanizmas\u0131<\/li>\n<li>Ki\u015fisel verilerin mahremiyeti ba\u011flam\u0131nda y\u00f6neti\u015fim, izleme ve denetim<\/li>\n<\/ul>\n<\/div>","protected":false},"excerpt":{"rendered":"<p>GDPR in the European Union and KVKK (Personal Data Protection Law No. 6698) in Turkey bring important obligations for data privacy and obtaining, recording, storing, preserving, changing or disclosing personal data. In cases of violation, a fine of up to &hellip; <a href=\"https:\/\/consultancyba.com\/tr\/data-privacy-gdpr-kvkk\/\">Devam\u0131<\/a><\/p>","protected":false},"author":2,"featured_media":0,"parent":0,"menu_order":0,"comment_status":"closed","ping_status":"closed","template":"","meta":{"_monsterinsights_skip_tracking":false,"_monsterinsights_sitenote_active":false,"_monsterinsights_sitenote_note":"","_monsterinsights_sitenote_category":0,"footnotes":""},"class_list":["post-4755","page","type-page","status-publish","hentry"],"yoast_head":"<!-- This site is optimized with the Yoast SEO plugin v27.4 - https:\/\/yoast.com\/product\/yoast-seo-wordpress\/ -->\n<title>Data Privacy - GDPR, KVKK - Consultancy BA<\/title>\n<meta name=\"description\" content=\"We help you with the precautions to be taken regarding data privacy and compliance with GDPR and KVKK (Personal Data Protection Law No. 6698).\" \/>\n<meta name=\"robots\" content=\"index, follow, max-snippet:-1, max-image-preview:large, max-video-preview:-1\" \/>\n<link rel=\"canonical\" href=\"https:\/\/consultancyba.com\/tr\/data-privacy-gdpr-kvkk\/\" \/>\n<meta property=\"og:locale\" content=\"tr_TR\" \/>\n<meta property=\"og:type\" content=\"article\" \/>\n<meta property=\"og:title\" content=\"Data Privacy - GDPR, KVKK - Consultancy BA\" \/>\n<meta property=\"og:description\" content=\"We help you with the precautions to be taken regarding data privacy and compliance with GDPR and KVKK (Personal Data Protection Law No. 6698).\" \/>\n<meta property=\"og:url\" content=\"https:\/\/consultancyba.com\/tr\/data-privacy-gdpr-kvkk\/\" \/>\n<meta property=\"og:site_name\" content=\"Consultancy BA\" \/>\n<meta property=\"article:modified_time\" content=\"2023-01-13T06:13:13+00:00\" \/>\n<meta name=\"twitter:card\" content=\"summary_large_image\" \/>\n<meta name=\"twitter:site\" content=\"@consult_BA\" \/>\n<meta name=\"twitter:label1\" content=\"Tahmini okuma s\u00fcresi\" \/>\n\t<meta name=\"twitter:data1\" content=\"1 dakika\" \/>\n<script type=\"application\/ld+json\" class=\"yoast-schema-graph\">{\"@context\":\"https:\\\/\\\/schema.org\",\"@graph\":[{\"@type\":\"WebPage\",\"@id\":\"https:\\\/\\\/consultancyba.com\\\/data-privacy-gdpr-kvkk\\\/\",\"url\":\"https:\\\/\\\/consultancyba.com\\\/data-privacy-gdpr-kvkk\\\/\",\"name\":\"Data Privacy - GDPR, KVKK - Consultancy BA\",\"isPartOf\":{\"@id\":\"https:\\\/\\\/consultancyba.com\\\/#website\"},\"datePublished\":\"2021-07-28T14:54:34+00:00\",\"dateModified\":\"2023-01-13T06:13:13+00:00\",\"description\":\"We help you with the precautions to be taken regarding data privacy and compliance with GDPR and KVKK (Personal Data Protection Law No. 6698).\",\"breadcrumb\":{\"@id\":\"https:\\\/\\\/consultancyba.com\\\/data-privacy-gdpr-kvkk\\\/#breadcrumb\"},\"inLanguage\":\"tr\",\"potentialAction\":[{\"@type\":\"ReadAction\",\"target\":[\"https:\\\/\\\/consultancyba.com\\\/data-privacy-gdpr-kvkk\\\/\"]}]},{\"@type\":\"BreadcrumbList\",\"@id\":\"https:\\\/\\\/consultancyba.com\\\/data-privacy-gdpr-kvkk\\\/#breadcrumb\",\"itemListElement\":[{\"@type\":\"ListItem\",\"position\":1,\"name\":\"Home\",\"item\":\"https:\\\/\\\/consultancyba.com\\\/\"},{\"@type\":\"ListItem\",\"position\":2,\"name\":\"Data Privacy &#8211; GDPR, KVKK\"}]},{\"@type\":\"WebSite\",\"@id\":\"https:\\\/\\\/consultancyba.com\\\/#website\",\"url\":\"https:\\\/\\\/consultancyba.com\\\/\",\"name\":\"Consultancy BA\",\"description\":\"TECHNOLOGY FINANCE COMPLIANCE\",\"publisher\":{\"@id\":\"https:\\\/\\\/consultancyba.com\\\/#organization\"},\"potentialAction\":[{\"@type\":\"SearchAction\",\"target\":{\"@type\":\"EntryPoint\",\"urlTemplate\":\"https:\\\/\\\/consultancyba.com\\\/?s={search_term_string}\"},\"query-input\":{\"@type\":\"PropertyValueSpecification\",\"valueRequired\":true,\"valueName\":\"search_term_string\"}}],\"inLanguage\":\"tr\"},{\"@type\":\"Organization\",\"@id\":\"https:\\\/\\\/consultancyba.com\\\/#organization\",\"name\":\"Consultancy BA\",\"url\":\"https:\\\/\\\/consultancyba.com\\\/\",\"logo\":{\"@type\":\"ImageObject\",\"inLanguage\":\"tr\",\"@id\":\"https:\\\/\\\/consultancyba.com\\\/#\\\/schema\\\/logo\\\/image\\\/\",\"url\":\"https:\\\/\\\/consultancyba.com\\\/wp-content\\\/uploads\\\/logo.png\",\"contentUrl\":\"https:\\\/\\\/consultancyba.com\\\/wp-content\\\/uploads\\\/logo.png\",\"width\":426,\"height\":426,\"caption\":\"Consultancy BA\"},\"image\":{\"@id\":\"https:\\\/\\\/consultancyba.com\\\/#\\\/schema\\\/logo\\\/image\\\/\"},\"sameAs\":[\"https:\\\/\\\/x.com\\\/consult_BA\"]}]}<\/script>\n<!-- \/ Yoast SEO plugin. -->","yoast_head_json":{"title":"Data Privacy - GDPR, KVKK - Consultancy BA","description":"We help you with the precautions to be taken regarding data privacy and compliance with GDPR and KVKK (Personal Data Protection Law No. 6698).","robots":{"index":"index","follow":"follow","max-snippet":"max-snippet:-1","max-image-preview":"max-image-preview:large","max-video-preview":"max-video-preview:-1"},"canonical":"https:\/\/consultancyba.com\/tr\/data-privacy-gdpr-kvkk\/","og_locale":"tr_TR","og_type":"article","og_title":"Data Privacy - GDPR, KVKK - Consultancy BA","og_description":"We help you with the precautions to be taken regarding data privacy and compliance with GDPR and KVKK (Personal Data Protection Law No. 6698).","og_url":"https:\/\/consultancyba.com\/tr\/data-privacy-gdpr-kvkk\/","og_site_name":"Consultancy BA","article_modified_time":"2023-01-13T06:13:13+00:00","twitter_card":"summary_large_image","twitter_site":"@consult_BA","twitter_misc":{"Tahmini okuma s\u00fcresi":"1 dakika"},"schema":{"@context":"https:\/\/schema.org","@graph":[{"@type":"WebPage","@id":"https:\/\/consultancyba.com\/data-privacy-gdpr-kvkk\/","url":"https:\/\/consultancyba.com\/data-privacy-gdpr-kvkk\/","name":"Data Privacy - GDPR, KVKK - Consultancy BA","isPartOf":{"@id":"https:\/\/consultancyba.com\/#website"},"datePublished":"2021-07-28T14:54:34+00:00","dateModified":"2023-01-13T06:13:13+00:00","description":"We help you with the precautions to be taken regarding data privacy and compliance with GDPR and KVKK (Personal Data Protection Law No. 6698).","breadcrumb":{"@id":"https:\/\/consultancyba.com\/data-privacy-gdpr-kvkk\/#breadcrumb"},"inLanguage":"tr","potentialAction":[{"@type":"ReadAction","target":["https:\/\/consultancyba.com\/data-privacy-gdpr-kvkk\/"]}]},{"@type":"BreadcrumbList","@id":"https:\/\/consultancyba.com\/data-privacy-gdpr-kvkk\/#breadcrumb","itemListElement":[{"@type":"ListItem","position":1,"name":"Home","item":"https:\/\/consultancyba.com\/"},{"@type":"ListItem","position":2,"name":"Data Privacy &#8211; GDPR, KVKK"}]},{"@type":"WebSite","@id":"https:\/\/consultancyba.com\/#website","url":"https:\/\/consultancyba.com\/","name":"Consultancy BA","description":"TECHNOLOGY FINANCE COMPLIANCE","publisher":{"@id":"https:\/\/consultancyba.com\/#organization"},"potentialAction":[{"@type":"SearchAction","target":{"@type":"EntryPoint","urlTemplate":"https:\/\/consultancyba.com\/?s={search_term_string}"},"query-input":{"@type":"PropertyValueSpecification","valueRequired":true,"valueName":"search_term_string"}}],"inLanguage":"tr"},{"@type":"Organization","@id":"https:\/\/consultancyba.com\/#organization","name":"Consultancy BA","url":"https:\/\/consultancyba.com\/","logo":{"@type":"ImageObject","inLanguage":"tr","@id":"https:\/\/consultancyba.com\/#\/schema\/logo\/image\/","url":"https:\/\/consultancyba.com\/wp-content\/uploads\/logo.png","contentUrl":"https:\/\/consultancyba.com\/wp-content\/uploads\/logo.png","width":426,"height":426,"caption":"Consultancy BA"},"image":{"@id":"https:\/\/consultancyba.com\/#\/schema\/logo\/image\/"},"sameAs":["https:\/\/x.com\/consult_BA"]}]}},"_links":{"self":[{"href":"https:\/\/consultancyba.com\/tr\/wp-json\/wp\/v2\/pages\/4755","targetHints":{"allow":["GET"]}}],"collection":[{"href":"https:\/\/consultancyba.com\/tr\/wp-json\/wp\/v2\/pages"}],"about":[{"href":"https:\/\/consultancyba.com\/tr\/wp-json\/wp\/v2\/types\/page"}],"author":[{"embeddable":true,"href":"https:\/\/consultancyba.com\/tr\/wp-json\/wp\/v2\/users\/2"}],"replies":[{"embeddable":true,"href":"https:\/\/consultancyba.com\/tr\/wp-json\/wp\/v2\/comments?post=4755"}],"version-history":[{"count":11,"href":"https:\/\/consultancyba.com\/tr\/wp-json\/wp\/v2\/pages\/4755\/revisions"}],"predecessor-version":[{"id":6081,"href":"https:\/\/consultancyba.com\/tr\/wp-json\/wp\/v2\/pages\/4755\/revisions\/6081"}],"wp:attachment":[{"href":"https:\/\/consultancyba.com\/tr\/wp-json\/wp\/v2\/media?parent=4755"}],"curies":[{"name":"wp","href":"https:\/\/api.w.org\/{rel}","templated":true}]}}