{"id":4752,"date":"2021-07-28T17:10:56","date_gmt":"2021-07-28T14:10:56","guid":{"rendered":"https:\/\/consultancyba.com\/?page_id=4752"},"modified":"2023-01-13T09:12:49","modified_gmt":"2023-01-13T06:12:49","slug":"cyber-security-resilience","status":"publish","type":"page","link":"https:\/\/consultancyba.com\/tr\/cyber-security-resilience\/","title":{"rendered":"Siber G\u00fcvenlik"},"content":{"rendered":"<div class=\"mfb_main\">\n<p>Her ge\u00e7en g\u00fcn artmakta olan siber tehditlere kar\u015f\u0131 bili\u015fim ortam\u0131n\u0131z\u0131n iyile\u015ftirilmesine, sald\u0131r\u0131lara kar\u015f\u0131 diren\u00e7 g\u00f6sterip h\u0131zl\u0131 yan\u0131t vermenizin sa\u011flanmas\u0131na ve siber g\u00fcvenlik kabiliyetlerinizin metodolojik bir yakla\u015f\u0131mla \u00f6l\u00e7\u00fclmesine yard\u0131mc\u0131 oluyoruz:<\/p>\n<ul>\n<li>Siber g\u00fcvenlik olgunluk de\u011ferlendirmesi (Cybersecurity Maturity Model)<\/li>\n<li>Bulut g\u00fcvenli\u011fi<\/li>\n<li>Sistem s\u0131k\u0131la\u015ft\u0131rma (hardening)<\/li>\n<li>Veri s\u0131z\u0131nt\u0131s\u0131 engelleme (DLP)<\/li>\n<li>Log y\u00f6netimi ve korelasyonu (SIEM)<\/li>\n<li>Penetrasyon testi hizmetlerinin sunulmas\u0131 ve organize edilmesi<\/li>\n<\/ul>\n<\/div>","protected":false},"excerpt":{"rendered":"<p>We help you to improve your IT infrastructure against increasing cyber threats, to provide a quick response against attacks and to measure your cyber security &amp; resilience capabilities with a methodological approach: Cybersecurity maturity assessment Cloud security System hardening Data &hellip; <a href=\"https:\/\/consultancyba.com\/tr\/cyber-security-resilience\/\">Devam\u0131<\/a><\/p>","protected":false},"author":2,"featured_media":0,"parent":0,"menu_order":0,"comment_status":"closed","ping_status":"closed","template":"","meta":{"_monsterinsights_skip_tracking":false,"_monsterinsights_sitenote_active":false,"_monsterinsights_sitenote_note":"","_monsterinsights_sitenote_category":0,"footnotes":""},"class_list":["post-4752","page","type-page","status-publish","hentry"],"yoast_head":"<!-- This site is optimized with the Yoast SEO plugin v27.4 - https:\/\/yoast.com\/product\/yoast-seo-wordpress\/ -->\n<title>Cyber Security &amp; Resilience - Consultancy BA<\/title>\n<meta name=\"description\" content=\"How prepared are you to prevent, detect, detain, and respond to threats to your information assets? We help you to improve cyber security &amp; resilience.\" \/>\n<meta name=\"robots\" content=\"index, follow, max-snippet:-1, max-image-preview:large, max-video-preview:-1\" \/>\n<link rel=\"canonical\" href=\"https:\/\/consultancyba.com\/tr\/cyber-security-resilience\/\" \/>\n<meta property=\"og:locale\" content=\"tr_TR\" \/>\n<meta property=\"og:type\" content=\"article\" \/>\n<meta property=\"og:title\" content=\"Cyber Security &amp; Resilience - Consultancy BA\" \/>\n<meta property=\"og:description\" content=\"How prepared are you to prevent, detect, detain, and respond to threats to your information assets? We help you to improve cyber security &amp; resilience.\" \/>\n<meta property=\"og:url\" content=\"https:\/\/consultancyba.com\/tr\/cyber-security-resilience\/\" \/>\n<meta property=\"og:site_name\" content=\"Consultancy BA\" \/>\n<meta property=\"article:modified_time\" content=\"2023-01-13T06:12:49+00:00\" \/>\n<meta name=\"twitter:card\" content=\"summary_large_image\" \/>\n<meta name=\"twitter:site\" content=\"@consult_BA\" \/>\n<meta name=\"twitter:label1\" content=\"Tahmini okuma s\u00fcresi\" \/>\n\t<meta name=\"twitter:data1\" content=\"1 dakika\" \/>\n<script type=\"application\/ld+json\" class=\"yoast-schema-graph\">{\"@context\":\"https:\\\/\\\/schema.org\",\"@graph\":[{\"@type\":\"WebPage\",\"@id\":\"https:\\\/\\\/consultancyba.com\\\/cyber-security-resilience\\\/\",\"url\":\"https:\\\/\\\/consultancyba.com\\\/cyber-security-resilience\\\/\",\"name\":\"Cyber Security & Resilience - Consultancy BA\",\"isPartOf\":{\"@id\":\"https:\\\/\\\/consultancyba.com\\\/#website\"},\"datePublished\":\"2021-07-28T14:10:56+00:00\",\"dateModified\":\"2023-01-13T06:12:49+00:00\",\"description\":\"How prepared are you to prevent, detect, detain, and respond to threats to your information assets? We help you to improve cyber security & resilience.\",\"breadcrumb\":{\"@id\":\"https:\\\/\\\/consultancyba.com\\\/cyber-security-resilience\\\/#breadcrumb\"},\"inLanguage\":\"tr\",\"potentialAction\":[{\"@type\":\"ReadAction\",\"target\":[\"https:\\\/\\\/consultancyba.com\\\/cyber-security-resilience\\\/\"]}]},{\"@type\":\"BreadcrumbList\",\"@id\":\"https:\\\/\\\/consultancyba.com\\\/cyber-security-resilience\\\/#breadcrumb\",\"itemListElement\":[{\"@type\":\"ListItem\",\"position\":1,\"name\":\"Home\",\"item\":\"https:\\\/\\\/consultancyba.com\\\/\"},{\"@type\":\"ListItem\",\"position\":2,\"name\":\"Cyber Security &#038; Resilience\"}]},{\"@type\":\"WebSite\",\"@id\":\"https:\\\/\\\/consultancyba.com\\\/#website\",\"url\":\"https:\\\/\\\/consultancyba.com\\\/\",\"name\":\"Consultancy BA\",\"description\":\"TECHNOLOGY FINANCE COMPLIANCE\",\"publisher\":{\"@id\":\"https:\\\/\\\/consultancyba.com\\\/#organization\"},\"potentialAction\":[{\"@type\":\"SearchAction\",\"target\":{\"@type\":\"EntryPoint\",\"urlTemplate\":\"https:\\\/\\\/consultancyba.com\\\/?s={search_term_string}\"},\"query-input\":{\"@type\":\"PropertyValueSpecification\",\"valueRequired\":true,\"valueName\":\"search_term_string\"}}],\"inLanguage\":\"tr\"},{\"@type\":\"Organization\",\"@id\":\"https:\\\/\\\/consultancyba.com\\\/#organization\",\"name\":\"Consultancy BA\",\"url\":\"https:\\\/\\\/consultancyba.com\\\/\",\"logo\":{\"@type\":\"ImageObject\",\"inLanguage\":\"tr\",\"@id\":\"https:\\\/\\\/consultancyba.com\\\/#\\\/schema\\\/logo\\\/image\\\/\",\"url\":\"https:\\\/\\\/consultancyba.com\\\/wp-content\\\/uploads\\\/logo.png\",\"contentUrl\":\"https:\\\/\\\/consultancyba.com\\\/wp-content\\\/uploads\\\/logo.png\",\"width\":426,\"height\":426,\"caption\":\"Consultancy BA\"},\"image\":{\"@id\":\"https:\\\/\\\/consultancyba.com\\\/#\\\/schema\\\/logo\\\/image\\\/\"},\"sameAs\":[\"https:\\\/\\\/x.com\\\/consult_BA\"]}]}<\/script>\n<!-- \/ Yoast SEO plugin. -->","yoast_head_json":{"title":"Cyber Security & Resilience - Consultancy BA","description":"How prepared are you to prevent, detect, detain, and respond to threats to your information assets? We help you to improve cyber security & resilience.","robots":{"index":"index","follow":"follow","max-snippet":"max-snippet:-1","max-image-preview":"max-image-preview:large","max-video-preview":"max-video-preview:-1"},"canonical":"https:\/\/consultancyba.com\/tr\/cyber-security-resilience\/","og_locale":"tr_TR","og_type":"article","og_title":"Cyber Security & Resilience - Consultancy BA","og_description":"How prepared are you to prevent, detect, detain, and respond to threats to your information assets? We help you to improve cyber security & resilience.","og_url":"https:\/\/consultancyba.com\/tr\/cyber-security-resilience\/","og_site_name":"Consultancy BA","article_modified_time":"2023-01-13T06:12:49+00:00","twitter_card":"summary_large_image","twitter_site":"@consult_BA","twitter_misc":{"Tahmini okuma s\u00fcresi":"1 dakika"},"schema":{"@context":"https:\/\/schema.org","@graph":[{"@type":"WebPage","@id":"https:\/\/consultancyba.com\/cyber-security-resilience\/","url":"https:\/\/consultancyba.com\/cyber-security-resilience\/","name":"Cyber Security & Resilience - Consultancy BA","isPartOf":{"@id":"https:\/\/consultancyba.com\/#website"},"datePublished":"2021-07-28T14:10:56+00:00","dateModified":"2023-01-13T06:12:49+00:00","description":"How prepared are you to prevent, detect, detain, and respond to threats to your information assets? We help you to improve cyber security & resilience.","breadcrumb":{"@id":"https:\/\/consultancyba.com\/cyber-security-resilience\/#breadcrumb"},"inLanguage":"tr","potentialAction":[{"@type":"ReadAction","target":["https:\/\/consultancyba.com\/cyber-security-resilience\/"]}]},{"@type":"BreadcrumbList","@id":"https:\/\/consultancyba.com\/cyber-security-resilience\/#breadcrumb","itemListElement":[{"@type":"ListItem","position":1,"name":"Home","item":"https:\/\/consultancyba.com\/"},{"@type":"ListItem","position":2,"name":"Cyber Security &#038; Resilience"}]},{"@type":"WebSite","@id":"https:\/\/consultancyba.com\/#website","url":"https:\/\/consultancyba.com\/","name":"Consultancy BA","description":"TECHNOLOGY FINANCE COMPLIANCE","publisher":{"@id":"https:\/\/consultancyba.com\/#organization"},"potentialAction":[{"@type":"SearchAction","target":{"@type":"EntryPoint","urlTemplate":"https:\/\/consultancyba.com\/?s={search_term_string}"},"query-input":{"@type":"PropertyValueSpecification","valueRequired":true,"valueName":"search_term_string"}}],"inLanguage":"tr"},{"@type":"Organization","@id":"https:\/\/consultancyba.com\/#organization","name":"Consultancy BA","url":"https:\/\/consultancyba.com\/","logo":{"@type":"ImageObject","inLanguage":"tr","@id":"https:\/\/consultancyba.com\/#\/schema\/logo\/image\/","url":"https:\/\/consultancyba.com\/wp-content\/uploads\/logo.png","contentUrl":"https:\/\/consultancyba.com\/wp-content\/uploads\/logo.png","width":426,"height":426,"caption":"Consultancy BA"},"image":{"@id":"https:\/\/consultancyba.com\/#\/schema\/logo\/image\/"},"sameAs":["https:\/\/x.com\/consult_BA"]}]}},"_links":{"self":[{"href":"https:\/\/consultancyba.com\/tr\/wp-json\/wp\/v2\/pages\/4752","targetHints":{"allow":["GET"]}}],"collection":[{"href":"https:\/\/consultancyba.com\/tr\/wp-json\/wp\/v2\/pages"}],"about":[{"href":"https:\/\/consultancyba.com\/tr\/wp-json\/wp\/v2\/types\/page"}],"author":[{"embeddable":true,"href":"https:\/\/consultancyba.com\/tr\/wp-json\/wp\/v2\/users\/2"}],"replies":[{"embeddable":true,"href":"https:\/\/consultancyba.com\/tr\/wp-json\/wp\/v2\/comments?post=4752"}],"version-history":[{"count":7,"href":"https:\/\/consultancyba.com\/tr\/wp-json\/wp\/v2\/pages\/4752\/revisions"}],"predecessor-version":[{"id":6080,"href":"https:\/\/consultancyba.com\/tr\/wp-json\/wp\/v2\/pages\/4752\/revisions\/6080"}],"wp:attachment":[{"href":"https:\/\/consultancyba.com\/tr\/wp-json\/wp\/v2\/media?parent=4752"}],"curies":[{"name":"wp","href":"https:\/\/api.w.org\/{rel}","templated":true}]}}